{"id":23304,"date":"2015-12-18T08:02:30","date_gmt":"2015-12-18T08:02:30","guid":{"rendered":"http:\/\/ced.uab.es\/es\/infraestructuras\/biblioteca\/"},"modified":"2026-03-26T11:16:41","modified_gmt":"2026-03-26T11:16:41","slug":"biblioteca","status":"publish","type":"page","link":"https:\/\/ced.cat\/es\/infraestructuras\/biblioteca\/","title":{"rendered":"Biblioteca"},"content":{"rendered":"<p style=\"text-align: justify;\">La\u00a0<span class=\"il\">biblioteca<\/span>\u00a0del Centro de Estudios Demogr\u00e1ficos es la \u00fanica ubicada en Espa\u00f1a que est\u00e1 especializada en materia de demograf\u00eda y estudios de poblaci\u00f3n. Est\u00e1 abierta tanto a la comunidad cient\u00edfica como a la universitaria, y pone a su disposici\u00f3n todas las estad\u00edsticas de poblaci\u00f3n espa\u00f1ola (desde el 1860), as\u00ed como una extensa bibliograf\u00eda en demograf\u00eda espa\u00f1ola e internacional. Adem\u00e1s, contiene obras en materia de: estad\u00edstica, sociolog\u00eda, estudios de g\u00e9nero, econom\u00eda, urbanismo, geograf\u00eda, etc. Tambi\u00e9n dispone de una colecci\u00f3n de revistas demogr\u00e1ficas m\u00e1s importantes dentro del panorama nacional e internacional y una importante colecci\u00f3n de tesis doctorales, algunas de las cuales se pueden consultar en l\u00ednea a trav\u00e9s del portal\u00a0<a href=\"http:\/\/www.tdx.cat\/\" target=\"_blank\" rel=\"noopener\" data-saferedirecturl=\"https:\/\/www.google.com\/url?hl=es&amp;q=http:\/\/www.tdx.cat\/&amp;source=gmail&amp;ust=1515664722562000&amp;usg=AFQjCNHRnnVpC7ANcguPdhkFoIYXYOAUgQ\">TDX<\/a>.<br \/>\nEl fondo documental consta de 10.715 vol\u00famenes, aproximadamente, en formato papel y, 82 publicaciones seriadas, de las cuales, algunas, se han dejado de publicar y otras, actualmente, se editan en formato digital.<br \/>\nPara facilitar la difusi\u00f3n e investigaci\u00f3n de materiales, la\u00a0<span class=\"il\">biblioteca<\/span>\u00a0<span lang=\"CA\">elabora<\/span>\u00a0un listado mensual de las novedades recibidas.<\/p>\n<p>&nbsp;<\/p>\n<p><a href=\"mailto:biblioteca@ced.uab.cat\" target=\"_blank\" rel=\"noopener\">biblioteca@ced.uab.cat<\/a><\/p>\n","protected":false},"excerpt":{"rendered":"<p>La\u00a0biblioteca\u00a0del Centro de Estudios Demogr\u00e1ficos es la \u00fanica ubicada en Espa\u00f1a que est\u00e1 especializada en materia de demograf\u00eda y estudios de poblaci\u00f3n. Est\u00e1 abierta tanto a la comunidad cient\u00edfica como a la universitaria, y pone a su disposici\u00f3n todas las estad\u00edsticas de poblaci\u00f3n espa\u00f1ola (desde el 1860), as\u00ed como una extensa bibliograf\u00eda en demograf\u00eda espa\u00f1ola [&hellip;]<\/p>\n","protected":false},"author":4,"featured_media":19258,"parent":10985,"menu_order":0,"comment_status":"closed","ping_status":"closed","template":"template-biblioteca.php","meta":{"_acf_changed":false,"footnotes":""},"class_list":["post-23304","page","type-page","status-publish","has-post-thumbnail","hentry"],"acf":[],"_links":{"self":[{"href":"https:\/\/ced.cat\/es\/wp-json\/wp\/v2\/pages\/23304","targetHints":{"allow":["GET"]}}],"collection":[{"href":"https:\/\/ced.cat\/es\/wp-json\/wp\/v2\/pages"}],"about":[{"href":"https:\/\/ced.cat\/es\/wp-json\/wp\/v2\/types\/page"}],"author":[{"embeddable":true,"href":"https:\/\/ced.cat\/es\/wp-json\/wp\/v2\/users\/4"}],"replies":[{"embeddable":true,"href":"https:\/\/ced.cat\/es\/wp-json\/wp\/v2\/comments?post=23304"}],"version-history":[{"count":13,"href":"https:\/\/ced.cat\/es\/wp-json\/wp\/v2\/pages\/23304\/revisions"}],"predecessor-version":[{"id":55000,"href":"https:\/\/ced.cat\/es\/wp-json\/wp\/v2\/pages\/23304\/revisions\/55000"}],"up":[{"embeddable":true,"href":"https:\/\/ced.cat\/es\/wp-json\/wp\/v2\/pages\/10985"}],"wp:featuredmedia":[{"embeddable":true,"href":"https:\/\/ced.cat\/es\/wp-json\/wp\/v2\/media\/19258"}],"wp:attachment":[{"href":"https:\/\/ced.cat\/es\/wp-json\/wp\/v2\/media?parent=23304"}],"curies":[{"name":"wp","href":"https:\/\/api.w.org\/{rel}","templated":true}]}}