{"id":10614,"date":"2015-12-08T16:47:36","date_gmt":"2015-12-08T16:47:36","guid":{"rendered":"http:\/\/ced.uab.es\/es\/sobre-el-ced\/ofertes-de-treball\/"},"modified":"2025-02-24T13:18:46","modified_gmt":"2025-02-24T13:18:46","slug":"ofertas-de-trabajo","status":"publish","type":"page","link":"https:\/\/ced.cat\/es\/ofertas-de-trabajo\/","title":{"rendered":"Ofertas de trabajo"},"content":{"rendered":"<div>El Centro de Estudios Demogr\u00e1ficos (CED) abre convocatorias de trabajo propias en los diferentes <a href=\"https:\/\/ced.cat\/es\/investigacion\/grupos\/\">grupos de investigaci\u00f3n<\/a> que lo integran y es receptor de personal investigador y t\u00e9cnico financiado externamente por convocatorias de otros organismos p\u00fablicos en el marco de los programas de I+D+I.<\/div>\n<div>\n<p dir=\"ltr\"><span id=\"m_3418819992619992115docs-internal-guid-c45f1b65-e7c8-a60b-a67c-8b4c6072c2ff\">El CED ha recibido la distinci\u00f3n <\/span><a href=\"https:\/\/ced.cat\/es\/sobre-el-ced\/hr-excellence-in-research\/\" target=\"_blank\" rel=\"noopener noreferrer\" data-saferedirecturl=\"https:\/\/www.google.com\/url?q=http:\/\/www.creaf.cat\/es\/estrategia-de-recursos-humans-hrs4r&amp;source=gmail&amp;ust=1606394356873000&amp;usg=AFQjCNFKlGfQBEtLtDqhl8Tyu7f7YEszIw\">HR Excellence in Research<\/a> de la Comisi\u00f3n Europea, que demuestra el compromiso de nuestro centro con la transparencia de los procedimientos de contrataci\u00f3n, basados en el m\u00e9rito y la capacidad, y en la promoci\u00f3n de condiciones de trabajo atractivas, de acuerdo con la Carta Europea del Investigador y el C\u00f3digo europeo en este \u00e1mbito.<\/p>\n<p><span id=\"m_3418819992619992115docs-internal-guid-c45f1b65-e7c8-a60b-a67c-8b4c6072c2ff\">El CED trabaja para asegurar una contrataci\u00f3n justa y transparente, para promover la igualdad de oportunidades, y para mejorar los procedimientos de evaluaci\u00f3n.<\/span><\/p>\n<div>\n<h3>Navega por nuestras ofertas y envia tu candidatura en aquellas que consideres que son afines a tu perfil.<\/h3>\n<\/div>\n<p><strong>OTM-R Tools<\/strong><\/p>\n<p><a><img decoding=\"async\" class=\"icon alignnone lazyload\" style=\"display: inherit;\" data-src=\"\/wp-content\/themes\/ced2015\/img\/icons\/PDF.svg\" alt=\"link externo\" width=\"25\" src=\"data:image\/svg+xml;base64,PHN2ZyB3aWR0aD0iMSIgaGVpZ2h0PSIxIiB4bWxucz0iaHR0cDovL3d3dy53My5vcmcvMjAwMC9zdmciPjwvc3ZnPg==\" \/><\/a> PRINCIPIOS OTM-R <a href=\"https:\/\/ced.cat\/wp-content\/uploads\/2020\/10\/Principis-OTM-R.pdf\">CAT<\/a>\u00a0<a href=\"https:\/\/ced.cat\/wp-content\/uploads\/2020\/10\/OTM-R-PURPOSES.pdf\"><span class=\"s3\">ENG<\/span><\/a><\/p>\n<p><a><img decoding=\"async\" class=\"icon alignnone lazyload\" style=\"display: inherit;\" data-src=\"\/wp-content\/themes\/ced2015\/img\/icons\/PDF.svg\" alt=\"link externo\" width=\"25\" src=\"data:image\/svg+xml;base64,PHN2ZyB3aWR0aD0iMSIgaGVpZ2h0PSIxIiB4bWxucz0iaHR0cDovL3d3dy53My5vcmcvMjAwMC9zdmciPjwvc3ZnPg==\" \/> <\/a>OTM-R CED <a href=\"https:\/\/ced.cat\/wp-content\/uploads\/2025\/02\/OTM-R-CED_CAT.pdf\">CAT<\/a>\u00a0<a href=\"https:\/\/ced.cat\/wp-content\/uploads\/2021\/03\/OTM-R-CED_ENG.pdf\"><span class=\"s3\">ENG<\/span><\/a><\/p>\n<p><a><img decoding=\"async\" class=\"icon alignnone lazyload\" style=\"display: inherit;\" data-src=\"\/wp-content\/themes\/ced2015\/img\/icons\/PDF.svg\" alt=\"link externo\" width=\"25\" src=\"data:image\/svg+xml;base64,PHN2ZyB3aWR0aD0iMSIgaGVpZ2h0PSIxIiB4bWxucz0iaHR0cDovL3d3dy53My5vcmcvMjAwMC9zdmciPjwvc3ZnPg==\" \/> <\/a>INFOGRAFIA OTM-R <a href=\"https:\/\/ced.cat\/wp-content\/uploads\/2022\/01\/Infografia-OTM-R.pdf\">CAT<\/a> <a href=\"https:\/\/ced.cat\/wp-content\/uploads\/2022\/01\/OTM-R-Infographic.pdf\">ENG<\/a><\/p>\n<\/div>\n","protected":false},"excerpt":{"rendered":"<p>El Centro de Estudios Demogr\u00e1ficos (CED) abre convocatorias de trabajo propias en los diferentes grupos de investigaci\u00f3n que lo integran y es receptor de personal investigador y t\u00e9cnico financiado externamente por convocatorias de otros organismos p\u00fablicos en el marco de los programas de I+D+I. El CED ha recibido la distinci\u00f3n HR Excellence in Research de [&hellip;]<\/p>\n","protected":false},"author":4,"featured_media":45026,"parent":0,"menu_order":0,"comment_status":"closed","ping_status":"closed","template":"template-ofertes-treball.php","meta":{"_acf_changed":false,"footnotes":""},"class_list":["post-10614","page","type-page","status-publish","has-post-thumbnail","hentry"],"acf":[],"_links":{"self":[{"href":"https:\/\/ced.cat\/es\/wp-json\/wp\/v2\/pages\/10614","targetHints":{"allow":["GET"]}}],"collection":[{"href":"https:\/\/ced.cat\/es\/wp-json\/wp\/v2\/pages"}],"about":[{"href":"https:\/\/ced.cat\/es\/wp-json\/wp\/v2\/types\/page"}],"author":[{"embeddable":true,"href":"https:\/\/ced.cat\/es\/wp-json\/wp\/v2\/users\/4"}],"replies":[{"embeddable":true,"href":"https:\/\/ced.cat\/es\/wp-json\/wp\/v2\/comments?post=10614"}],"version-history":[{"count":16,"href":"https:\/\/ced.cat\/es\/wp-json\/wp\/v2\/pages\/10614\/revisions"}],"predecessor-version":[{"id":52260,"href":"https:\/\/ced.cat\/es\/wp-json\/wp\/v2\/pages\/10614\/revisions\/52260"}],"wp:featuredmedia":[{"embeddable":true,"href":"https:\/\/ced.cat\/es\/wp-json\/wp\/v2\/media\/45026"}],"wp:attachment":[{"href":"https:\/\/ced.cat\/es\/wp-json\/wp\/v2\/media?parent=10614"}],"curies":[{"name":"wp","href":"https:\/\/api.w.org\/{rel}","templated":true}]}}