{"id":27336,"date":"2018-05-22T10:46:04","date_gmt":"2018-05-22T10:46:04","guid":{"rendered":"http:\/\/ced.uab.es\/politica-de-privacitat\/"},"modified":"2025-12-23T09:41:10","modified_gmt":"2025-12-23T09:41:10","slug":"politica-de-privacitat","status":"publish","type":"page","link":"https:\/\/ced.cat\/en\/about-ced\/politica-de-privacitat\/","title":{"rendered":"Privacy Policy"},"content":{"rendered":"<p>In accordance with the provisions of the European Data Protection Regulation (EU Regulation 2016\/679) and current legislation, we inform you that the personal data provided and those generated by browsing this website will be processed by CONSORCI CENTRE D&#8217;ESTUDIS DEMOGR\u00c0FICS, ENTITAT P\u00daBLICA DE DRET PRIVAT.<\/p>\n<p><strong>Party responsible for processing: <\/strong>CONSORCI CENTRE D&#8217;ESTUDIS DEMOGR\u00c0FICS, ENTITAT P\u00daBLICA DE DRET PRIVAT<\/p>\n<p>VAT NO: Q5855973C<\/p>\n<p>Address: c\/de Ca n&#8217;Altay\u00f3, Edifici E2, Universitat Aut\u00f2noma de Barcelona, 08193, Cerdanyola del Vall\u00e8s.<\/p>\n<p>E-mail: demo@ced.uab.cat<\/p>\n<p>Web: www.ced.cat<\/p>\n<p>Tel. 935813060<\/p>\n<p><strong>Purposes of Processing<\/strong><\/p>\n<p>-To process user requests made through any of the forms of contact made available on the website and to send information of interest to them. The basis of legitimacy of the data processing is the consent given by the user.<\/p>\n<p>-To send our newsletter or communications with information about our projects, activities, news and information about the Controller. You can revoke your consent to receive communications at any time by writing to demo@ced.uab.cat, with the subject &#8220;unsubscribe from communications&#8221;. The basis of legitimacy of the treatment is the consent given by the user.<\/p>\n<p>-To carry out statistical studies. The basis of legitimacy of the data processing is the legitimate interests of the Data Controller.<\/p>\n<p><strong>\u00a0<\/strong><\/p>\n<p><strong>Data retention<\/strong><\/p>\n<p>They will be kept for the duration of the purpose for which they are processed and will be deleted for the period of time established by current legislation.<\/p>\n<p><strong>\u00a0<\/strong><\/p>\n<p><strong>Categories of addressees<\/strong><\/p>\n<p>Personal data will only be disclosed to third parties in the cases provided for by law.<\/p>\n<p>&nbsp;<\/p>\n<p><strong>International transfer of data<\/strong><\/p>\n<p>Our service provider for sending the newsletter is The Rocket Science Group LLC d\/b\/a Mailchimp, located at 405 N Angier Ave NE, Atlanta, GA 30308 USA. It is a member of the Data Privacy Framework Program.<\/p>\n<p><strong>\u00a0<\/strong><\/p>\n<p><strong>Social Networking<\/strong><\/p>\n<p>The CONSORCI CENTRE D&#8217;ESTUDIS DEMOGR\u00c0FICS, ENTITAT P\u00daBLICA DE DRET PRIVAT (the CED) has a presence on social networks. The processing of the personal data of people who become followers on social networks, and\/or carry out any link or connection action through the social networks of the official pages of the CED, will be governed by this section, and by the conditions of use, privacy policies and access regulations of the social network in question and previously accepted by the user.<\/p>\n<p>CED will process the personal data for the purposes of correctly managing the user&#8217;s presence on the social network and to inform of its activities, products or services. Also for any other purpose that the regulations of the social networks allow.<\/p>\n<p>It is recommended that you review and read the terms of use and privacy policy of the social network at the time of registration, taking into account the different configuration possibilities in relation to the degree of privacy of the user profile on the social network.<\/p>\n<p><strong>\u00a0<\/strong><\/p>\n<p><strong>Exercise of rights<\/strong><\/p>\n<p>You can exercise your rights of access, rectification, suppression, limitation, cancellation and opposition to the processing of personal data by writing to CONSORCI CENTRE D&#8217;ESTUDIS DEMOGR\u00c0FICS, ENTITAT P\u00daBLICA DE DRET PRIVAT, with address at c\/ de Ca n&#8217;Altay\u00f3, Edificio E2, Universitat Aut\u00f2noma de Barcelona, 08193, Cerdanyola del Vall\u00e8s, or by e-mail to demo@ced.uab.cat. You may also lodge a complaint with the Catalan Data Protection Authority (Autoritat Catalana de Protecci\u00f3 de Dades). DPD: personaldata@ced.uab.es<\/p>\n","protected":false},"excerpt":{"rendered":"<p>In accordance with the provisions of the European Data Protection Regulation (EU Regulation 2016\/679) and current legislation, we inform you that the personal data provided and those generated by browsing this website will be processed by CONSORCI CENTRE D&#8217;ESTUDIS DEMOGR\u00c0FICS, ENTITAT P\u00daBLICA DE DRET PRIVAT. Party responsible for processing: CONSORCI CENTRE D&#8217;ESTUDIS DEMOGR\u00c0FICS, ENTITAT P\u00daBLICA [&hellip;]<\/p>\n","protected":false},"author":4,"featured_media":0,"parent":10601,"menu_order":0,"comment_status":"closed","ping_status":"closed","template":"template-portal-trans-internas.php","meta":{"_acf_changed":false,"footnotes":""},"class_list":["post-27336","page","type-page","status-publish","hentry"],"acf":[],"_links":{"self":[{"href":"https:\/\/ced.cat\/en\/wp-json\/wp\/v2\/pages\/27336","targetHints":{"allow":["GET"]}}],"collection":[{"href":"https:\/\/ced.cat\/en\/wp-json\/wp\/v2\/pages"}],"about":[{"href":"https:\/\/ced.cat\/en\/wp-json\/wp\/v2\/types\/page"}],"author":[{"embeddable":true,"href":"https:\/\/ced.cat\/en\/wp-json\/wp\/v2\/users\/4"}],"replies":[{"embeddable":true,"href":"https:\/\/ced.cat\/en\/wp-json\/wp\/v2\/comments?post=27336"}],"version-history":[{"count":9,"href":"https:\/\/ced.cat\/en\/wp-json\/wp\/v2\/pages\/27336\/revisions"}],"predecessor-version":[{"id":50737,"href":"https:\/\/ced.cat\/en\/wp-json\/wp\/v2\/pages\/27336\/revisions\/50737"}],"up":[{"embeddable":true,"href":"https:\/\/ced.cat\/en\/wp-json\/wp\/v2\/pages\/10601"}],"wp:attachment":[{"href":"https:\/\/ced.cat\/en\/wp-json\/wp\/v2\/media?parent=27336"}],"curies":[{"name":"wp","href":"https:\/\/api.w.org\/{rel}","templated":true}]}}