{"id":26411,"date":"2018-02-01T08:40:45","date_gmt":"2018-02-01T08:40:45","guid":{"rendered":"http:\/\/ced.uab.es\/en\/studies\/practiques-curriculars-i-extracurriculars\/"},"modified":"2025-12-23T09:41:23","modified_gmt":"2025-12-23T09:41:23","slug":"practiques-curriculars-i-extracurriculars","status":"publish","type":"page","link":"https:\/\/ced.cat\/en\/education\/practiques-curriculars-i-extracurriculars\/","title":{"rendered":"Pr\u00e0ctiques curriculars i extracurriculars"},"content":{"rendered":"<p style=\"text-align: justify;\">El Centre d\u2019Estudis Demogr\u00e0fics (CED) ofereix als estudiants universitaris la possibilitat de realitzar pr\u00e0ctiques curriculars i externes en el nostre centre. L\u2019objectiu d\u2019aquestes estades \u00e9s que els estudiants s\u2019inici\u00efn en la recerca demogr\u00e0fica a trav\u00e9s de les t\u00e8cniques i la metodologia que li s\u00f3n pr\u00f2pies i la col\u00b7laboraci\u00f3 amb investigadors de primer nivell, en uns dels centres de poblaci\u00f3 de refer\u00e8ncia a escala europea.<\/p>\n<p style=\"text-align: justify;\">L\u2019oferta va adre\u00e7ada a estudiants universitaris dels \u00faltims anys de grau. M\u00e9s concretament, estudiants de tercer i quart any provinents d\u2019\u00e0rees de coneixement de Ci\u00e8ncies humanes i socials (Geografia, Sociologia, Ci\u00e8ncies Pol\u00edtiques, Economia, Antropologia, Hist\u00f2ria) i mat\u00e8ries afins (Matem\u00e0tiques, Estad\u00edstica).<\/p>\n<p style=\"text-align: justify;\">Les estades de practiques es desenvoluparan sota la supervisi\u00f3 d\u2019un o m\u00e9s investigadors del CED. Es posar\u00e0 a la seva disposici\u00f3 tota la infraestructura necess\u00e0ria (taula, ordinador, connexi\u00f3 wifi, acc\u00e9s als serveis compartits pel personal del CED, Biblioteca,) per dur a terme l\u2019estada de pr\u00e0ctiques de manera satisfact\u00f2ria.<\/p>\n<p style=\"text-align: justify;\">Per fer la sol\u00b7licitud d\u2019estada de practiques els candidats hauran d\u2019enviar la seg\u00fcent documentaci\u00f3:<\/p>\n<div style=\"background-color: #e6e6e6; margin: 20px;\">\n<p style=\"text-align: justify;\">1- Carta de motivaci\u00f3 que inclogui dues l\u00ednies de recerca en les que\u00a0 desitjaria participar (<a href=\"https:\/\/ced.cat\/en\/research\/groups\/\">https:\/\/ced.cat\/recerca\/grups\/<\/a>)<br \/>\n2-\u00a0Curriculum vitae<br \/>\n3-\u00a0Una carta de recomanaci\u00f3<\/p>\n<\/div>\n<div class=\"col-foto\">Eul\u00e0lia Camps<\/div>\n<div class=\"col-text\"><a href=\"mailto:ecamps@ced.uab.cat\">ecamps@ced.uab.cat<\/a><\/p>\n<\/div>\n","protected":false},"excerpt":{"rendered":"<p>El Centre d\u2019Estudis Demogr\u00e0fics (CED) ofereix als estudiants universitaris la possibilitat de realitzar pr\u00e0ctiques curriculars i externes en el nostre centre. L\u2019objectiu d\u2019aquestes estades \u00e9s que els estudiants s\u2019inici\u00efn en la recerca demogr\u00e0fica a trav\u00e9s de les t\u00e8cniques i la metodologia que li s\u00f3n pr\u00f2pies i la col\u00b7laboraci\u00f3 amb investigadors de primer nivell, en uns [&hellip;]<\/p>\n","protected":false},"author":4,"featured_media":0,"parent":10831,"menu_order":0,"comment_status":"closed","ping_status":"closed","template":"template-formacio.php","meta":{"_acf_changed":false,"footnotes":""},"class_list":["post-26411","page","type-page","status-publish","hentry"],"acf":[],"_links":{"self":[{"href":"https:\/\/ced.cat\/en\/wp-json\/wp\/v2\/pages\/26411","targetHints":{"allow":["GET"]}}],"collection":[{"href":"https:\/\/ced.cat\/en\/wp-json\/wp\/v2\/pages"}],"about":[{"href":"https:\/\/ced.cat\/en\/wp-json\/wp\/v2\/types\/page"}],"author":[{"embeddable":true,"href":"https:\/\/ced.cat\/en\/wp-json\/wp\/v2\/users\/4"}],"replies":[{"embeddable":true,"href":"https:\/\/ced.cat\/en\/wp-json\/wp\/v2\/comments?post=26411"}],"version-history":[{"count":8,"href":"https:\/\/ced.cat\/en\/wp-json\/wp\/v2\/pages\/26411\/revisions"}],"predecessor-version":[{"id":54356,"href":"https:\/\/ced.cat\/en\/wp-json\/wp\/v2\/pages\/26411\/revisions\/54356"}],"up":[{"embeddable":true,"href":"https:\/\/ced.cat\/en\/wp-json\/wp\/v2\/pages\/10831"}],"wp:attachment":[{"href":"https:\/\/ced.cat\/en\/wp-json\/wp\/v2\/media?parent=26411"}],"curies":[{"name":"wp","href":"https:\/\/api.w.org\/{rel}","templated":true}]}}