{"id":25558,"date":"2017-10-04T08:34:42","date_gmt":"2017-10-04T08:34:42","guid":{"rendered":"http:\/\/ced.uab.es\/en\/infraestructures\/banc-de-dades-espanya-i-catalunya\/nomenclator-1857-1998\/"},"modified":"2026-01-23T09:11:27","modified_gmt":"2026-01-23T09:11:27","slug":"nomenclator-1857-1998","status":"publish","type":"page","link":"https:\/\/ced.cat\/en\/infraestructures\/databank-for-catalonia\/nomenclator-1857-1998\/","title":{"rendered":"Nomencl\u00e0tor 1857-1998"},"content":{"rendered":"<p>Esteve, Albert (2003) <em>El Nomencl\u00e0tor com a font per a l&#8217;estudi territorial de la poblaci\u00f3 a Catalunya. Aplicacions, 1857-1998<\/em>. Tesi doctoral, dirigida per Anna Cabr\u00e9, llegida al Departament de Geografia de la Universitat Aut\u00f2noma de Barcelona. <em>Mimeo<\/em>, 384 planes<\/p>\n<p>&nbsp;<\/p>\n<div class=\"su-spoiler su-spoiler-style-default su-spoiler-icon-plus su-spoiler-closed\" data-scroll-offset=\"0\" data-anchor-in-url=\"no\"><div class=\"su-spoiler-title\" tabindex=\"0\" role=\"button\"><span class=\"su-spoiler-icon\"><\/span>Informaci\u00f3 sobre la Font<\/div><div class=\"su-spoiler-content su-u-clearfix su-u-trim\">\n<ul>\n<li><a href=\"https:\/\/ced.cat\/catalonia\/nomenclator\/nomen1.pdf\">El Nomencl\u00e0tor: hist\u00f2ria d&#8217;una font<\/a><\/li>\n<li><a href=\"https:\/\/ced.cat\/catalonia\/nomenclator\/Nomen2.pdf\">El concepte d&#8217;entitat de poblaci\u00f3 en el Nomencl\u00e0tor<\/a><\/li>\n<li><a href=\"https:\/\/ced.cat\/catalonia\/nomenclator\/nomen3.pdf\">La qualitat formal del Nomencl\u00e0tor: una revisi\u00f3 cr\u00edtica<\/a><\/li>\n<li><a href=\"https:\/\/ced.cat\/catalonia\/nomenclator\/nomen4.pdf\">Llistat de Nomencl\u00e0tors<\/a><\/li>\n<li><a href=\"https:\/\/ced.cat\/catalonia\/nomenclator\/nomen5.pdf\">Bibliografia<\/a><\/li>\n<\/ul>\n<\/div><\/div>\n<div class=\"su-spoiler su-spoiler-style-default su-spoiler-icon-plus su-spoiler-closed\" data-scroll-offset=\"0\" data-anchor-in-url=\"no\"><div class=\"su-spoiler-title\" tabindex=\"0\" role=\"button\"><span class=\"su-spoiler-icon\"><\/span>Dades estad\u00edstiques<\/div><div class=\"su-spoiler-content su-u-clearfix su-u-trim\">\n<ul>\n<li><a href=\"https:\/\/ced.cat\/catalonia\/nomenclator\/Taula5.2.pdf\">Variables disponibles per entitat, 1857-1998<\/a><\/li>\n<li><a href=\"https:\/\/ced.cat\/catalonia\/nomenclator\/Taula5.3.pdf\">Variables disponibles per municipi, 1857-1998<\/a><\/li>\n<li><a href=\"https:\/\/ced.cat\/catalonia\/nomenclator\/ANNEX_CD1.pdf\">Distribuci\u00f3 de les entitats per municipi, 1857-1998<\/a><\/li>\n<li><a href=\"https:\/\/ced.cat\/catalonia\/nomenclator\/taula8.3.pdf\">Distribuci\u00f3 de les entitas per comarca, 1857-1998<\/a><\/li>\n<li><a href=\"https:\/\/ced.cat\/catalonia\/nomenclator\/taula8.4.pdf\">Difer\u00e8ncia en la xifra d&#8217;entitats entre nomencl\u00e0tors per comarques, 1857-1998<\/a><\/li>\n<li><a href=\"https:\/\/ced.cat\/catalonia\/nomenclator\/taula11.2.pdf\">Distribuci\u00f3 de les entitats per categoria, 1857-1998<\/a><\/li>\n<li><a href=\"https:\/\/ced.cat\/wp-content\/uploads\/2026\/01\/Nomenclator_CAT_1857.xlsx\">Nomencla\u0300tor_CAT_1857<\/a><\/li>\n<li><a href=\"https:\/\/ced.cat\/wp-content\/uploads\/2026\/01\/Nomenclator_CAT_1887.xlsx\">Nomencla\u0300tor_CAT_1887<\/a><\/li>\n<li><a href=\"https:\/\/ced.cat\/wp-content\/uploads\/2026\/01\/Nomenclator_CAT_1900.xlsx\">Nomencla\u0300tor_CAT_1900<\/a><\/li>\n<li><a href=\"https:\/\/ced.cat\/wp-content\/uploads\/2026\/01\/Nomenclator_CAT_1910.xlsx\">Nomencla\u0300tor_CAT_1910<\/a><\/li>\n<li><a href=\"https:\/\/ced.cat\/wp-content\/uploads\/2026\/01\/Nomenclator_CAT_1920.xlsx\">Nomencla\u0300tor_CAT_1920<\/a><\/li>\n<li><a href=\"https:\/\/ced.cat\/wp-content\/uploads\/2026\/01\/Nomenclator_CAT_1930.xlsx\">Nomencla\u0300tor_CAT_1930<\/a><\/li>\n<li><a href=\"https:\/\/ced.cat\/wp-content\/uploads\/2026\/01\/Nomenclator_CAT_1940.xlsx\">Nomencla\u0300tor_CAT_1940<\/a><\/li>\n<li><a href=\"https:\/\/ced.cat\/wp-content\/uploads\/2026\/01\/Nomenclator_CAT_1950.xlsx\">Nomencla\u0300tor_CAT_1950<\/a><\/li>\n<li><a href=\"https:\/\/ced.cat\/wp-content\/uploads\/2026\/01\/Nomenclator_CAT_1960.xlsx\">Nomencla\u0300tor_CAT_1960<\/a><\/li>\n<li><a href=\"https:\/\/ced.cat\/wp-content\/uploads\/2026\/01\/Nomenclator_CAT_1970.xlsx\">Nomencla\u0300tor_CAT_1970<\/a><\/li>\n<li><a href=\"https:\/\/ced.cat\/wp-content\/uploads\/2026\/01\/Nomenclator_CAT_1981.xlsx\">Nomencla\u0300tor_CAT_1981<\/a><\/li>\n<li><a href=\"https:\/\/ced.cat\/wp-content\/uploads\/2026\/01\/Nomenclator_CAT_1991.xlsx\">Nomencla\u0300tor_CAT_1991<\/a><\/li>\n<li><a href=\"https:\/\/ced.cat\/wp-content\/uploads\/2026\/01\/Nomenclator_CAT_2001.xlsx\">Nomencla\u0300tor_CAT_2001<\/a><\/li>\n<li><a href=\"https:\/\/ced.cat\/wp-content\/uploads\/2026\/01\/Nomenclator_CAT_2011.xlsx\">Nomencla\u0300tor_CAT_2011<\/a><\/li>\n<li><a href=\"https:\/\/ced.cat\/wp-content\/uploads\/2026\/01\/Nomenclator_CAT_2021.xlsx\">Nomencla\u0300tor_CAT_2021<\/a><\/li>\n<\/ul>\n<\/div><\/div>\n<div class=\"su-spoiler su-spoiler-style-default su-spoiler-icon-plus su-spoiler-closed\" data-scroll-offset=\"0\" data-anchor-in-url=\"no\"><div class=\"su-spoiler-title\" tabindex=\"0\" role=\"button\"><span class=\"su-spoiler-icon\"><\/span>Cartografia<\/div><div class=\"su-spoiler-content su-u-clearfix su-u-trim\">\n<ul>\n<li><a href=\"https:\/\/ced.cat\/catalonia\/nomenclator\/mapa8.1.pdf\">Distribuci\u00f3 municipal de les entitats de poblaci\u00f3 a Catalunya, 1860<\/a><\/li>\n<li><a href=\"https:\/\/ced.cat\/catalonia\/nomenclator\/mapa8.2.pdf\">Distribuci\u00f3 municipal de les entitats de poblaci\u00f3 a Catalunya, 1887<\/a><\/li>\n<li><a href=\"https:\/\/ced.cat\/catalonia\/nomenclator\/mapa8.3.pdf\">Distribuci\u00f3 municipal de les entitats de poblaci\u00f3 a Catalunya, 1900<\/a><\/li>\n<li><a href=\"https:\/\/ced.cat\/catalonia\/nomenclator\/mapa8.4.pdf\">Distribuci\u00f3 municipal de les entitats de poblaci\u00f3 a Catalunya, 1930<\/a><\/li>\n<li><a href=\"https:\/\/ced.cat\/catalonia\/nomenclator\/mapa8.5.pdf\">Distribuci\u00f3 municipal de les entitats de poblaci\u00f3 a Catalunya, 1960<\/a><\/li>\n<li><a href=\"https:\/\/ced.cat\/catalonia\/nomenclator\/mapa8.6.pdf\">Distribuci\u00f3 municipal de les entitats de poblaci\u00f3 a Catalunya, 1981<\/a><\/li>\n<li><a href=\"https:\/\/ced.cat\/catalonia\/nomenclator\/mapa8.7.pdf\">Distribuci\u00f3 municipal de les entitats de poblaci\u00f3 a Catalunya, 1998<\/a><\/li>\n<li><a href=\"https:\/\/ced.cat\/catalonia\/nomenclator\/mapa8.8.pdf\">Densitat municipal d&#8217;entitats per Km2, 1860<\/a><\/li>\n<li><a href=\"https:\/\/ced.cat\/catalonia\/nomenclator\/mapa8.9.pdf\">Densitat municipal d&#8217;entitats per Km2, 1887<\/a><\/li>\n<li><a href=\"https:\/\/ced.cat\/catalonia\/nomenclator\/mapa8.10.pdf\">Densitat municipal d&#8217;entitats per Km2, 1900<\/a><\/li>\n<li><a href=\"https:\/\/ced.cat\/catalonia\/nomenclator\/mapa8.11.pdf\">Densitat municipal d&#8217;entitats per Km2, 1930<\/a><\/li>\n<li><a href=\"https:\/\/ced.cat\/catalonia\/nomenclator\/mapa8.12.pdf\">Densitat municipal d&#8217;entitats per Km2, 1960<\/a><\/li>\n<li><a href=\"https:\/\/ced.cat\/catalonia\/nomenclator\/mapa8.13.pdf\">Densitat municipal d&#8217;entitats per Km2, 1981<\/a><\/li>\n<li><a href=\"https:\/\/ced.cat\/catalonia\/nomenclator\/mapa8.14.pdf\">Densitat municipal d&#8217;entitats per Km2, 1998<\/a><\/li>\n<li><a href=\"https:\/\/ced.cat\/catalonia\/nomenclator\/mapa9.1.pdf\">Distribuci\u00f3 de la poblaci\u00f3 per entitats a Catalunya, 1887<\/a><\/li>\n<li><a href=\"https:\/\/ced.cat\/catalonia\/nomenclator\/mapa9.2.pdf\">Distribuci\u00f3 de la poblaci\u00f3 per entitats a Catalunya, 1900<\/a><\/li>\n<li><a href=\"https:\/\/ced.cat\/catalonia\/nomenclator\/mapa9.3.pdf\">Distribuci\u00f3 de la poblaci\u00f3 per entitats a Catalunya, 1930<\/a><\/li>\n<li><a href=\"https:\/\/ced.cat\/catalonia\/nomenclator\/mapa9.4.pdf\">Distribuci\u00f3 de la poblaci\u00f3 per entitats a Catalunya, 1960<\/a><\/li>\n<li><a href=\"https:\/\/ced.cat\/catalonia\/nomenclator\/mapa9.5.pdf\">Distribuci\u00f3 de la poblaci\u00f3 per entitats a Catalunya, 1981<\/a><\/li>\n<li><a href=\"https:\/\/ced.cat\/catalonia\/nomenclator\/mapa9.6.pdf\">Distribuci\u00f3 de la poblaci\u00f3 per entitats a Catalunya, 1998<\/a><\/li>\n<\/ul>\n<\/div><\/div>\n","protected":false},"excerpt":{"rendered":"<p>Esteve, Albert (2003) El Nomencl\u00e0tor com a font per a l&#8217;estudi territorial de la poblaci\u00f3 a Catalunya. Aplicacions, 1857-1998. Tesi doctoral, dirigida per Anna Cabr\u00e9, llegida al Departament de Geografia de la Universitat Aut\u00f2noma de Barcelona. Mimeo, 384 planes &nbsp;<\/p>\n","protected":false},"author":4,"featured_media":0,"parent":10974,"menu_order":0,"comment_status":"closed","ping_status":"closed","template":"template-banc-dades.php","meta":{"_acf_changed":false,"footnotes":""},"class_list":["post-25558","page","type-page","status-publish","hentry"],"acf":[],"_links":{"self":[{"href":"https:\/\/ced.cat\/en\/wp-json\/wp\/v2\/pages\/25558","targetHints":{"allow":["GET"]}}],"collection":[{"href":"https:\/\/ced.cat\/en\/wp-json\/wp\/v2\/pages"}],"about":[{"href":"https:\/\/ced.cat\/en\/wp-json\/wp\/v2\/types\/page"}],"author":[{"embeddable":true,"href":"https:\/\/ced.cat\/en\/wp-json\/wp\/v2\/users\/4"}],"replies":[{"embeddable":true,"href":"https:\/\/ced.cat\/en\/wp-json\/wp\/v2\/comments?post=25558"}],"version-history":[{"count":3,"href":"https:\/\/ced.cat\/en\/wp-json\/wp\/v2\/pages\/25558\/revisions"}],"predecessor-version":[{"id":54586,"href":"https:\/\/ced.cat\/en\/wp-json\/wp\/v2\/pages\/25558\/revisions\/54586"}],"up":[{"embeddable":true,"href":"https:\/\/ced.cat\/en\/wp-json\/wp\/v2\/pages\/10974"}],"wp:attachment":[{"href":"https:\/\/ced.cat\/en\/wp-json\/wp\/v2\/media?parent=25558"}],"curies":[{"name":"wp","href":"https:\/\/api.w.org\/{rel}","templated":true}]}}